{"id":207,"date":"2021-08-15T17:54:00","date_gmt":"2021-08-15T17:54:00","guid":{"rendered":"https:\/\/kaviaari.kapsi.fi\/wordpress\/?page_id=207"},"modified":"2021-09-08T19:45:49","modified_gmt":"2021-09-08T19:45:49","slug":"suomeksi","status":"publish","type":"page","link":"https:\/\/kaviaari.kapsi.fi\/wordpress\/suomeksi\/","title":{"rendered":"Suomeksi"},"content":{"rendered":"\n<p>Apulaisprofessori Juha Siitonen johtaa ETOS (Experimental and Theoretical Organic Synthesis)-tutkimusryhm\u00e4\u00e4 Aalto-yliopiston kemian ja materiaalitieteen laitoksella. Tutkimusryhm\u00e4n toiminta keskittyy orgaanisten molekyylien, kuten uusien l\u00e4\u00e4keaineiden sek\u00e4 tulevaisuuden materiaalien, synteettiseen valmistamiseen. Molekyylien valmistamista tutkitaan sek\u00e4 k\u00e4yt\u00e4nn\u00f6ss\u00e4 laboratoriossa, matemaattisen teorian kannalta, ett\u00e4 laskennallisesti tietokoneita hy\u00f6dynt\u00e4en.<\/p>\n\n\n\n<p>Vaikka modernit synteettisen kemian menetelm\u00e4t mahdollistavat mielivaltaisten monimutkaisten molekyylien valmistamisen, n\u00e4in suunnitellut reitit ovat l\u00e4hes poikkeuksetta ep\u00e4k\u00e4yt\u00e4nn\u00f6llisen ty\u00f6l\u00e4it\u00e4 ja tuhlaavia. ETOS-ryhm\u00e4n tarkoitus on luoda kokeellinen, teoreettinen ja ohjelmistollinen ty\u00f6kaluketju jonka avulla mik\u00e4 tahansa molekyyli voidaan syntetisoida suoraviivaisesti, tuottamatta suuria m\u00e4\u00e4ri\u00e4 j\u00e4tett\u00e4 ja energiatehokkaasti.<\/p>\n\n\n\n<p>Olemme erityisesti kiinnostuneita kehitt\u00e4m\u00e4\u00e4n menetelmi\u00e4 luonnossa esiintyville typpe\u00e4 sis\u00e4lt\u00e4ville molekyyleille, alkaloideille. Monet alkaloidit ovat ensiarvoisen t\u00e4rkeit\u00e4 sek\u00e4 l\u00e4\u00e4keaineina, biologian ty\u00f6kaluina ett\u00e4 hienokemian l\u00e4ht\u00f6aineina. T\u00e4ll\u00e4 hetkell\u00e4 ryhm\u00e4 tutkii erityisesti maatalouskemian sek\u00e4 l\u00e4\u00e4keainekemian kannalta t\u00e4rkeit\u00e4 alkaloideja.<\/p>\n\n\n\n<p>Kemiasta jo ennen kouluik\u00e4\u00e4 kiinnostunut apulaisprofessori Siitonen kirjoitti ylioppilaaksi Parikkalan lukiosta 2009 ja suoritti kemian opintonsa Jyv\u00e4skyl\u00e4n ja Lundin yliopistoissa (FM 2014, FT 2018). Ennen Aalto-yliopistoon siirtymist\u00e4 Siitonen ty\u00f6skenteli kolme vuotta (2019-2022) Ricen yliopistossa, Houstonissa, Texasissa tutkijatohtorina sek\u00e4 orgaanisen kemian yliopistolehtorina. Siitonen on vastaanottanut opetusty\u00f6st\u00e4\u00e4n sek\u00e4 kemina kansantajuistamisesta useita palkintoja.<\/p>\n\n\n\n<p>Luonnonaineiden kokonaissynteesill\u00e4 on pitk\u00e4t perinteet Aalto-yliopistossa. Orgaanisen kemian professuurin haltijat aikaj\u00e4rjestyksess\u00e4 ovat:<\/p>\n\n\n\n<p>1848\u20131874 Anders Olivier\u00a0<strong>Saelan<\/strong><br>1874\u20131898 Henrik Alfred\u00a0<strong>Wahlforss<\/strong><br>1899\u20131937 Gustaf\u00a0<strong>Komppa<\/strong><br>1941\u20131952 John Oscar\u00a0<strong>Palmen<\/strong><br>1954\u20131972 Gustaf Arthur\u00a0<strong>Nyman<\/strong><br>1972\u20131977 Jarl Mauritz Leonard\u00a0<strong>Gripenberg<\/strong><br>1979\u20131998 Mauri Viktor\u00a0<strong>Lounasmaa<\/strong><br>1999\u20132021 Ari Mauri Petri\u00a0<strong>Koskinen<\/strong><br>2022\u2013 Juha Henrik <strong>Siitonen<\/strong><\/p>\n\n\n\n<div class=\"wp-block-image\"><figure class=\"aligncenter size-large is-resized\"><img loading=\"lazy\" decoding=\"async\" src=\"https:\/\/kaviaari.kapsi.fi\/wordpress\/wp-content\/uploads\/2021\/08\/setigerumine_teplate-1024x560.png\" alt=\"\" class=\"wp-image-74\" width=\"718\" height=\"392\" srcset=\"https:\/\/kaviaari.kapsi.fi\/wordpress\/wp-content\/uploads\/2021\/08\/setigerumine_teplate-1024x560.png 1024w, https:\/\/kaviaari.kapsi.fi\/wordpress\/wp-content\/uploads\/2021\/08\/setigerumine_teplate-300x164.png 300w, https:\/\/kaviaari.kapsi.fi\/wordpress\/wp-content\/uploads\/2021\/08\/setigerumine_teplate-768x420.png 768w, https:\/\/kaviaari.kapsi.fi\/wordpress\/wp-content\/uploads\/2021\/08\/setigerumine_teplate-1536x841.png 1536w, https:\/\/kaviaari.kapsi.fi\/wordpress\/wp-content\/uploads\/2021\/08\/setigerumine_teplate.png 1703w\" sizes=\"auto, (max-width: 718px) 100vw, 718px\" \/><figcaption>Tutkimusryhm\u00e4 kehitti ensimm\u00e4isen synteettisen valmistusmenetelm\u00e4n unikkokasveista eristetylle Setigerumiini I-luonnonaineelle. <\/figcaption><\/figure><\/div>\n\n\n\n<p><\/p>\n","protected":false},"excerpt":{"rendered":"<p>Apulaisprofessori Juha Siitonen johtaa ETOS (Experimental and Theoretical Organic Synthesis)-tutkimusryhm\u00e4\u00e4 Aalto-yliopiston kemian ja materiaalitieteen laitoksella. Tutkimusryhm\u00e4n toiminta keskittyy orgaanisten molekyylien, kuten uusien l\u00e4\u00e4keaineiden sek\u00e4 tulevaisuuden materiaalien, synteettiseen valmistamiseen. Molekyylien valmistamista tutkitaan sek\u00e4 k\u00e4yt\u00e4nn\u00f6ss\u00e4 laboratoriossa, matemaattisen teorian kannalta, ett\u00e4 laskennallisesti tietokoneita&#8230;<\/p>\n","protected":false},"author":1,"featured_media":0,"parent":0,"menu_order":0,"comment_status":"closed","ping_status":"closed","template":"","meta":{"footnotes":""},"class_list":["post-207","page","type-page","status-publish","hentry"],"_links":{"self":[{"href":"https:\/\/kaviaari.kapsi.fi\/wordpress\/wp-json\/wp\/v2\/pages\/207","targetHints":{"allow":["GET"]}}],"collection":[{"href":"https:\/\/kaviaari.kapsi.fi\/wordpress\/wp-json\/wp\/v2\/pages"}],"about":[{"href":"https:\/\/kaviaari.kapsi.fi\/wordpress\/wp-json\/wp\/v2\/types\/page"}],"author":[{"embeddable":true,"href":"https:\/\/kaviaari.kapsi.fi\/wordpress\/wp-json\/wp\/v2\/users\/1"}],"replies":[{"embeddable":true,"href":"https:\/\/kaviaari.kapsi.fi\/wordpress\/wp-json\/wp\/v2\/comments?post=207"}],"version-history":[{"count":19,"href":"https:\/\/kaviaari.kapsi.fi\/wordpress\/wp-json\/wp\/v2\/pages\/207\/revisions"}],"predecessor-version":[{"id":300,"href":"https:\/\/kaviaari.kapsi.fi\/wordpress\/wp-json\/wp\/v2\/pages\/207\/revisions\/300"}],"wp:attachment":[{"href":"https:\/\/kaviaari.kapsi.fi\/wordpress\/wp-json\/wp\/v2\/media?parent=207"}],"curies":[{"name":"wp","href":"https:\/\/api.w.org\/{rel}","templated":true}]}}