{"id":2,"date":"2021-08-13T16:39:22","date_gmt":"2021-08-13T16:39:22","guid":{"rendered":"https:\/\/kaviaari.kapsi.fi\/wordpress\/?page_id=2"},"modified":"2021-10-14T22:12:14","modified_gmt":"2021-10-14T22:12:14","slug":"sample-page","status":"publish","type":"page","link":"https:\/\/kaviaari.kapsi.fi\/wordpress\/","title":{"rendered":"ETOS Group"},"content":{"rendered":"\n<p>The <strong>Experimental and Theoretical Organic Synthesis<\/strong> <strong>(ETOS) group<\/strong> at Aalto University, Finland is led by <a href=\"https:\/\/kaviaari.kapsi.fi\/wordpress\/juha\/\" data-type=\"page\" data-id=\"17\">Assistant Professor Juha Siitonen<\/a>. We work on leveraging computational and biosynthetic insights to develop ultra-short total syntheses, new synthetic methods and useful next-generation software tools. <\/p>\n\n\n\n<p>The ultimate goal of the research is to simplify the synthesis of highly complex polycyclic targets into ideal syntheses &lt;5 steps long. In particular, we are interested in the synthesis of rare and structurally unique trace alkaloids. Our work on education focuses on inclusive pedagogy in higher education as well as on the development of engaging STEAM-outreach experiences.<\/p>\n\n\n\n<p>We are currently located at the BioScience Research Collaborative building at <a href=\"https:\/\/www.rice.edu\/\">Rice University<\/a>, Houston, TX, working in close collaboration with Prof. L\u00e1szl\u00f3 K\u00fcrti. In early 2022 the research group will relocate to <a href=\"https:\/\/www.aalto.fi\/en\">Aalto University<\/a>, Finland where Juha will start as an Assistant Professor.<\/p>\n\n\n\n<div style=\"height:40px\" aria-hidden=\"true\" class=\"wp-block-spacer\"><\/div>\n\n\n\n<h4 class=\"wp-block-heading\"><strong>Masters projects available!<\/strong><\/h4>\n\n\n\n<p>We currently have several vacancies for master&#8217;s level projects on theoretical and experimental organic chemistry. If you are interested and want to develop your skills in organic synthesis and computational chemistry, you can contact&nbsp;<a href=\"https:\/\/kaviaari.kapsi.fi\/wordpress\/contact-information\/\">Juha<\/a> for further details. The projects would start in early 2022.<\/p>\n\n\n\n<div style=\"height:40px\" aria-hidden=\"true\" class=\"wp-block-spacer\"><\/div>\n\n\n\n<h4 class=\"wp-block-heading\"><strong>Latest research highlights<\/strong><\/h4>\n\n\n\n<h4 class=\"wp-block-heading\">Total Synthesis of Setigerumine I<\/h4>\n\n\n\n<p>Anavi achieved a biomimetic total synthesis of (\u00b1)-Setigerumine I which also proved our proposed biosynthetic hypothesis. This work marks the first total synthesis of the elusive <em>Papavericae<\/em> isoxazolidine family alkaloids, which have remained elusive since 1990s.<\/p>\n\n\n\n<div class=\"wp-block-buttons is-layout-flex wp-block-buttons-is-layout-flex\">\n<div class=\"wp-block-button\"><a class=\"wp-block-button__link\" href=\"https:\/\/doi.org\/10.33774\/chemrxiv-2021-m9ltg\">ChemRXiv<\/a><\/div>\n<\/div>\n\n\n\n<div class=\"wp-block-image\"><figure class=\"aligncenter size-large is-resized\"><img loading=\"lazy\" decoding=\"async\" src=\"https:\/\/kaviaari.kapsi.fi\/wordpress\/wp-content\/uploads\/2021\/08\/setigerumine_TOC-1024x311.png\" alt=\"\" class=\"wp-image-35\" width=\"804\" height=\"244\" srcset=\"https:\/\/kaviaari.kapsi.fi\/wordpress\/wp-content\/uploads\/2021\/08\/setigerumine_TOC-1024x311.png 1024w, https:\/\/kaviaari.kapsi.fi\/wordpress\/wp-content\/uploads\/2021\/08\/setigerumine_TOC-300x91.png 300w, https:\/\/kaviaari.kapsi.fi\/wordpress\/wp-content\/uploads\/2021\/08\/setigerumine_TOC-768x233.png 768w, https:\/\/kaviaari.kapsi.fi\/wordpress\/wp-content\/uploads\/2021\/08\/setigerumine_TOC-1536x466.png 1536w, https:\/\/kaviaari.kapsi.fi\/wordpress\/wp-content\/uploads\/2021\/08\/setigerumine_TOC-2048x621.png 2048w\" sizes=\"auto, (max-width: 804px) 100vw, 804px\" \/><\/figure><\/div>\n\n\n\n<p><\/p>\n","protected":false},"excerpt":{"rendered":"<p>The Experimental and Theoretical Organic Synthesis (ETOS) group at Aalto University, Finland is led by Assistant Professor Juha Siitonen. We work on leveraging computational and biosynthetic insights to develop ultra-short total syntheses, new synthetic methods and useful next-generation software tools&#8230;.<\/p>\n","protected":false},"author":1,"featured_media":0,"parent":0,"menu_order":0,"comment_status":"closed","ping_status":"open","template":"","meta":{"footnotes":""},"class_list":["post-2","page","type-page","status-publish","hentry"],"_links":{"self":[{"href":"https:\/\/kaviaari.kapsi.fi\/wordpress\/wp-json\/wp\/v2\/pages\/2","targetHints":{"allow":["GET"]}}],"collection":[{"href":"https:\/\/kaviaari.kapsi.fi\/wordpress\/wp-json\/wp\/v2\/pages"}],"about":[{"href":"https:\/\/kaviaari.kapsi.fi\/wordpress\/wp-json\/wp\/v2\/types\/page"}],"author":[{"embeddable":true,"href":"https:\/\/kaviaari.kapsi.fi\/wordpress\/wp-json\/wp\/v2\/users\/1"}],"replies":[{"embeddable":true,"href":"https:\/\/kaviaari.kapsi.fi\/wordpress\/wp-json\/wp\/v2\/comments?post=2"}],"version-history":[{"count":44,"href":"https:\/\/kaviaari.kapsi.fi\/wordpress\/wp-json\/wp\/v2\/pages\/2\/revisions"}],"predecessor-version":[{"id":332,"href":"https:\/\/kaviaari.kapsi.fi\/wordpress\/wp-json\/wp\/v2\/pages\/2\/revisions\/332"}],"wp:attachment":[{"href":"https:\/\/kaviaari.kapsi.fi\/wordpress\/wp-json\/wp\/v2\/media?parent=2"}],"curies":[{"name":"wp","href":"https:\/\/api.w.org\/{rel}","templated":true}]}}