{"id":17,"date":"2021-08-13T16:59:19","date_gmt":"2021-08-13T16:59:19","guid":{"rendered":"https:\/\/kaviaari.kapsi.fi\/wordpress\/?page_id=17"},"modified":"2021-11-03T18:33:48","modified_gmt":"2021-11-03T18:33:48","slug":"juha","status":"publish","type":"page","link":"https:\/\/kaviaari.kapsi.fi\/wordpress\/juha\/","title":{"rendered":"Juha"},"content":{"rendered":"\n<h4 class=\"wp-block-heading\"><strong>Short bio<\/strong><\/h4>\n\n\n\n<div class=\"wp-block-cover alignright has-custom-content-position is-position-top-right wp-duotone-000000-ffffff-1\" style=\"min-height:634px;aspect-ratio:unset;\"><img loading=\"lazy\" decoding=\"async\" width=\"768\" height=\"1024\" class=\"wp-block-cover__image-background wp-image-89\" alt=\"\" src=\"https:\/\/kaviaari.kapsi.fi\/wordpress\/wp-content\/uploads\/2021\/08\/juha_portrait-768x1024.jpg\" data-object-fit=\"cover\" srcset=\"https:\/\/kaviaari.kapsi.fi\/wordpress\/wp-content\/uploads\/2021\/08\/juha_portrait-768x1024.jpg 768w, https:\/\/kaviaari.kapsi.fi\/wordpress\/wp-content\/uploads\/2021\/08\/juha_portrait-225x300.jpg 225w, https:\/\/kaviaari.kapsi.fi\/wordpress\/wp-content\/uploads\/2021\/08\/juha_portrait-1152x1536.jpg 1152w, https:\/\/kaviaari.kapsi.fi\/wordpress\/wp-content\/uploads\/2021\/08\/juha_portrait-1536x2048.jpg 1536w, https:\/\/kaviaari.kapsi.fi\/wordpress\/wp-content\/uploads\/2021\/08\/juha_portrait-scaled.jpg 1920w\" sizes=\"auto, (max-width: 768px) 100vw, 768px\" \/><div class=\"wp-block-cover__inner-container is-layout-flow wp-block-cover-is-layout-flow\">\n<p class=\"has-text-align-center has-large-font-size\"><\/p>\n<\/div><\/div>\n\n\n\n<p>Juha is an assistant professor of organic chemistry at the Department of Chemistry and Materials Science at Aalto University, Finland. He is the current holder of the prestigious Komppa-chair.<\/p>\n\n\n\n<p>I was born and raised in the lush deciduous woodlands of the small South Karelian village of&nbsp;<a href=\"http:\/\/www.parikkala.fi\/en\">Parikkala<\/a>, Finland. This is also where my interest in science sparked, leading to a youth surrounded with test-tubes and transistors in a DIY home laboratory. During my teenage years I got drawn to synthetic chemistry with its varied experimental techniques and logical nature. With my extensive home chemistry background I secured a research assistant position at the age of 14 at the nearby Lappeenranta University of Technology where I worked and trained my chemistry skills throughout my teenage years culminating in the International Chemistry Olympiad (IChO) in 2009.<\/p>\n\n\n\n<p>In 2018 I completed my Ph.D. in organic chemistry in the&nbsp;<a href=\"http:\/\/www.jyu.fi\/pihko\">Pihko group<\/a>&nbsp;(University of Jyv\u00e4skyl\u00e4, Finland) on the organocatalytic total syntheses of azabicyclo<em>[5.3.0]<\/em>decane alkaloids. My PhD studies were complemented by a wonderful 4-month stay in the&nbsp;<a href=\"http:\/\/petersomfai.chem.lu.se\/wordpress\/\">Somfai group<\/a>&nbsp;(Lund University, Sweden) making headway in&nbsp;<em>Cephalotaxus<\/em>&nbsp;alkaloid chemistry. Having finishing my studies in Scandinavia, I received the prestigious 2019 Wiess teaching postdoctoral fellowship from Rice University in Houston, Texas where I joined the&nbsp;<a href=\"http:\/\/kurtilabs.com\/\">K\u00fcrti group<\/a>. After a year as a postdoc, in January 2020, I joined the Rice University faculty as a part-time and later as a full-time lecturer of chemistry. After living in sunny Texas for three years, in 2022 I relocated back to Finland to start my own research group at Aalto University as an Assistant Professor in organic chemistry.<\/p>\n\n\n\n<h4 class=\"wp-block-heading\"><strong>General<\/strong><\/h4>\n\n\n\n<dl>\n\n<dt>Full name<\/dt>\n<dd><span style=\"text-decoration: underline;\">Juha<\/span> Henrik Siitonen<\/dd>\n\n<dt>Date of birth<\/dt>\n<dd>05\/12\/1990<\/dd>\n\n<dt>Nationality<\/dt>\n<dd>Finnish<\/dd>\n\n<dt>Work address<\/dt>\n<dd>Bioscience Research Collaborative, 6500 Main St, Houston, TX 77030, USA<\/dd>\n\n<dt>Office<\/dt>\n<dd>BRC 379<\/dd>\n\n<dt>Lab<\/dt>\n<dd>BRC 380<\/dd>\n\n<dt>E-mail<\/dt>\n<dd>juha [dot] siitonen [at] aalto [dot] fi<\/dd>\n\n<dt>Languages<\/dt>\n<dd>English&nbsp;<em>(C2)<\/em>, Swedish&nbsp;<em>(C1)<\/em>, Finnish&nbsp;<em>(Native)<\/em><\/dd>\n\n<\/dl>\n\n\n\n<h4 class=\"wp-block-heading\"><strong>Experience<\/strong><\/h4>\n\n\n\n<h4 class=\"wp-block-heading\">Assistant Professor, Aalto University, 2022\u2013<\/h4>\n\n\n\n<p>Teaching organic chemistry. Research in natural product total synthesis, method development, computational chemistry and software development.<\/p>\n\n\n\n<p>Aalto University, Espoo, Finland.<\/p>\n\n\n\n<h4 class=\"wp-block-heading\">Lecturer of Chemistry, Rice University, 2020\u20132022<\/h4>\n\n\n\n<p>Teaching general and organic chemistry. Research in natural product total synthesis, method development, computational chemistry and chemistry education.<\/p>\n\n\n\n<p>William Marsh Rice University, Houston, TX, USA.<\/p>\n\n\n\n<p>Funding:&nbsp;<a href=\"http:\/\/www.oskhuttusensaatio.net\/\">Oskar Huttunen foundation<\/a>.<\/p>\n\n\n\n<h4 class=\"wp-block-heading\">Wiess Teaching Postdoctoral Fellow, Rice University, 2019\u20132020<\/h4>\n\n\n\n<p>Total synthesis of homotropane and oxindole alkaloids, method development, computational chemistry, and chemistry education research.<\/p>\n\n\n\n<p>Group of&nbsp;<a href=\"http:\/\/kurtilabs.com\/\">prof. L\u00e1szl\u00f3 K\u00fcrti<\/a>, William Marsh Rice University, Houston, TX, USA.<\/p>\n\n\n\n<p>Funding: Wiess Teaching Postdoctoral Fellowship.<\/p>\n\n\n\n<h4 class=\"wp-block-heading\"><strong>Education<\/strong><\/h4>\n\n\n\n<h4 class=\"wp-block-heading\">PhD 2014\u20132018<\/h4>\n\n\n\n<p>Total syntheses of scarcely available&nbsp;<em>Stemona<\/em>&nbsp;alkaloids utilizing organocatalytic strategies. Additionally work towards Waltherione and Palmyrolide alkaloids. Computational studies on key step mechanisms.<\/p>\n\n\n\n<p>Minor in university pedagogy.<\/p>\n\n\n\n<p>Advisor:&nbsp;<a href=\"http:\/\/www.jyu.fi\/pihko\">prof. Petri Pihko<\/a>, University of Jyv\u00e4skyl\u00e4, Jyv\u00e4skyl\u00e4, Finland.<\/p>\n\n\n\n<p>Funding:&nbsp;<a href=\"http:\/\/www.aka.fi\/en\">Academy of Finland,&nbsp;<\/a><a href=\"http:\/\/kordelin.fi\/en\/frontpage\/\">Alfred Kordelin foundation (Komppa trust)<\/a>, and&nbsp;<a href=\"http:\/\/wihurinrahasto.fi\/?lang=en\">Wihuri foundation<\/a>.<\/p>\n\n\n\n<h4 class=\"wp-block-heading\"><strong>Talks<\/strong><\/h4>\n\n\n\n<p>TBA\/2022&nbsp;<em>\u2013&nbsp;<\/em>\u201cInclusivity in Higher Chemistry Education\u201d, Finlandssvenska Fysik- och kemidagarna, Naturhistoriska riksmuseet, Stockholm, Sweden.<\/p>\n\n\n\n<p><em>19\/12\/2021<\/em> <em>\u2013<\/em> &#8220;The Aza-quasi-Favorskii Rearrangement&#8221;, Pasifichem, Virtual conference.<\/p>\n\n\n\n<p><em>1\/15\/2020 \u2013&nbsp;<\/em>\u201cTools and Strategies for Total Synthesis of Alkaloids\u201d, Aalto University, Helsinki, Finland.<\/p>\n","protected":false},"excerpt":{"rendered":"<p>Short bio Juha is an assistant professor of organic chemistry at the Department of Chemistry and Materials Science at Aalto University, Finland. He is the current holder of the prestigious Komppa-chair. I was born and raised in the lush deciduous&#8230;<\/p>\n","protected":false},"author":1,"featured_media":0,"parent":0,"menu_order":0,"comment_status":"closed","ping_status":"closed","template":"","meta":{"footnotes":""},"class_list":["post-17","page","type-page","status-publish","hentry"],"_links":{"self":[{"href":"https:\/\/kaviaari.kapsi.fi\/wordpress\/wp-json\/wp\/v2\/pages\/17","targetHints":{"allow":["GET"]}}],"collection":[{"href":"https:\/\/kaviaari.kapsi.fi\/wordpress\/wp-json\/wp\/v2\/pages"}],"about":[{"href":"https:\/\/kaviaari.kapsi.fi\/wordpress\/wp-json\/wp\/v2\/types\/page"}],"author":[{"embeddable":true,"href":"https:\/\/kaviaari.kapsi.fi\/wordpress\/wp-json\/wp\/v2\/users\/1"}],"replies":[{"embeddable":true,"href":"https:\/\/kaviaari.kapsi.fi\/wordpress\/wp-json\/wp\/v2\/comments?post=17"}],"version-history":[{"count":30,"href":"https:\/\/kaviaari.kapsi.fi\/wordpress\/wp-json\/wp\/v2\/pages\/17\/revisions"}],"predecessor-version":[{"id":333,"href":"https:\/\/kaviaari.kapsi.fi\/wordpress\/wp-json\/wp\/v2\/pages\/17\/revisions\/333"}],"wp:attachment":[{"href":"https:\/\/kaviaari.kapsi.fi\/wordpress\/wp-json\/wp\/v2\/media?parent=17"}],"curies":[{"name":"wp","href":"https:\/\/api.w.org\/{rel}","templated":true}]}}